{"id":3,"date":"2022-10-31T14:13:38","date_gmt":"2022-10-31T13:13:38","guid":{"rendered":"https:\/\/www.nomads.hellbound-mc.eu\/?page_id=3"},"modified":"2022-11-27T15:28:40","modified_gmt":"2022-11-27T14:28:40","slug":"datenschutzerklaerung","status":"publish","type":"page","link":"https:\/\/www.nomads.hellbound-mc.eu\/index.php\/datenschutzerklaerung\/","title":{"rendered":"Datenschutz &amp; Cookie-Richtlinie"},"content":{"rendered":"\n<h1 class=\"wp-block-heading\">Datenschutzerkl\u00e4rung<\/h1>\n\n\n\n<h3 class=\"wp-block-heading\">Datenschutz<\/h3>\n\n\n\n<p>Der Betreiber dieser Seiten, nimmt den Schutz Ihrer pers\u00f6nlichen Daten sehr ernst. Wir behandeln Ihre personenbezogenen Daten vertraulich und entsprechend der gesetzlichen Datenschutzvorschriften sowie dieser Datenschutzerkl\u00e4rung. Die Nutzung unserer Webseite ist in der Regel ohne Angabe personenbezogener Daten m\u00f6glich. Soweit auf unseren Seiten personenbezogene Daten (beispielsweise Name, Anschrift oder E-Mail-Adressen) erhoben werden, erfolgt dies, soweit m\u00f6glich, stets auf freiwilliger Basis. Diese Daten werden ohne Ihre ausdr\u00fcckliche Zustimmung nicht an Dritte weitergegeben. Wir weisen darauf hin, dass die Daten\u00fcbertragung im Internet (z.B. bei der Kommunikation per E-Mail) Sicherheitsl\u00fccken aufweisen kann. Ein l\u00fcckenloser Schutz der Daten vor dem Zugriff durch Dritte ist nicht m\u00f6glich.<\/p>\n\n\n\n<h2 class=\"wp-block-heading\">Cookie-Richtlinie<\/h2>\n\n\n\n<h3 class=\"wp-block-heading\">Cookies<\/h3>\n\n\n\n<p>Wir nutzen Cookies unter anderem, um besser zu verstehen, wie unsere Websites genutzt werden, und um so deren Attraktivit\u00e4t, Inhalt und Funktionalit\u00e4t zu verbessern. Cookies helfen uns beispielsweise zu bestimmen, welche Unterseiten unserer Website besucht werden und f\u00fcr welche Inhalte sich Nutzer interessieren. Hierf\u00fcr setzen wir Flash Cookies und Ladezeit-Optimierungs-Cookies ein. Diese sogenannten \u201eFirst Party Cookies\u201c erfassen insbesondere die Anzahl der Zugriffe auf eine Seite, die Anzahl der angesehenen Unterseiten, die auf nseren Websites verbrachte Zeit, die Reihenfolge der besuchten Seiten, welche Suchbegriffe Sie zu uns gef\u00fchrt haben, das Land, die Region und ggf. die Stadt, aus der der Zugriff erfolgt, welches Betriebssystem und welchen Internet-Browser mit welcher Spracheinstellung Sie verwenden sowie den Anteil von mobilen Endger\u00e4ten, die auf unsere Websites zugreifen. Ferner erfassen wir Bewegungen, \u201eKlicks\u201c und das Scrollen mit der Computermaus, um zu verstehen, welche Bereiche unserer Website Besucher besonders interessieren. Die aus technischen Gr\u00fcnden \u00fcbermittelte IP-Adresse Ihres Rechners wird automatisch anonymisiert und erm\u00f6glicht uns keinen R\u00fcckschluss auf Sie.&nbsp;Sollten Sie dies sp\u00e4ter widerrufen wollen, l\u00f6schen Sie bitte einfach die Cookies in Ihrem Browser.<\/p>\n\n\n\n<h3 class=\"wp-block-heading\">Einsatz von Affilinet-Tracking-Cookies<\/h3>\n\n\n\n<p>Wir setzen auf unserer Website &#8222;Tracking-Cookies&#8220; von Affilinet, Sapporobogen 6-8, 80637 M\u00fcnchen, Deutschland zur korrekten Erfassung von Sales und\/oder Leads ein. Cookies sind kleine Textdateien, die Ihr Computer abspeichert, wenn Sie eine Webseite besuchen. Diese Affilinet-Tracking-Cookies speichern keinerlei personenbezogenen Daten und werden gesetzt, falls der Nutzer ein auf unserer Seite angebotenes Werbemittel anklickt. Vielmehr werden lediglich die Identifikationsnummer des vermittelnden Partners wie auch die Ordnungsnummer des vom Webseitenbesucher angeklickten Werbemittels erfasst. Diese Informationen werden zur Zahlungsabwicklung zwischen dem Webseitenbetreiber und dem Werbenden ben\u00f6tigt. Die Partner-Identifikationsnummer dient bei Abschluss einer Transaktion der Zuordnung der an den vermittelnden Partner zu zahlende Provision.<\/p>\n\n\n\n<p>Weitere Informationen der Verwendeten Cookies von Affilinet finden Sie <a href=\"https:\/\/www.affili.net\/de\/knowledge-zone\/ueber-cookies\" target=\"_blank\" rel=\"noreferrer noopener\">hier.<\/a><\/p>\n\n\n\n<h3 class=\"wp-block-heading\"><em>So verhindern Sie, dass \u201eCookies\u201c auf Ihrer Festplatte gespeichert werden und wie diese zu l\u00f6schen sind<\/em><\/h3>\n\n\n\n<p>Sie k\u00f6nnen Ihren Internet-Browser so einstellen, dass das Speichern von Cookies auf Ihrer Festplatte verhindert wird bzw. Sie jedes Mal gefragt werden, ob Sie mit dem Setzen von Cookies einverstanden sind. Einmal gesetzte Cookies k\u00f6nnen Sie auch jederzeit wieder l\u00f6schen. Wie all dies im Einzelnen funktioniert, k\u00f6nnen Sie der Bedienungsanleitung Ihres Browsers entnehmen. Eine Erkl\u00e4rung in Wort und Bild finden Sie f\u00fcr die Internet-Browser Firefox, Microsoft Internet Explorer und Google Chrome unter diesem Link:<a href=\"http:\/\/www.aboutcookies.org\/Default.aspx?page=2\">http:\/\/www.aboutcookies.org\/Default.aspx?page=2.<\/a><br>Wenn Sie das Speichern von Cookies nicht akzeptieren, kann dies gegebenenfalls zu Funktionseinschr\u00e4nkungen unserer Angebote f\u00fchren.<\/p>\n\n\n\n<h3 class=\"wp-block-heading\">Facebook und Instagram \/ Insight<\/h3>\n\n\n\n<p>Beim Besuch unserer Facebook und Instagram-Seite erfasst Facebook u.a Ihre IP-Adresse sowie weitere Informationen, die in Form von Cookies auf Ihrem PC vorhanden sind. Diese Informationen werden verwendet, um uns als Betreiber der Facebook und Instagram-Seiten statistische Informationen \u00fcber die Inanspruchnahme der Facebook und Instagram-Seite zur Verf\u00fcgung zu stellen. N\u00e4here Informationen hierzu stellt Facebook unter folgendem Link zur Verf\u00fcgung:<br><a href=\"http:\/\/de-de.facebook.com\/help\/pages\/insights\">http:\/\/de-de.facebook.com\/help\/pages\/insights<\/a>.<br>Die in diesem Zusammenhang \u00fcber Sie erhobenen Daten werden von der Facebook Ltd. verarbeitet und dabei gegebenenfalls in L\u00e4nder au\u00dferhalb der Europ\u00e4ischen Union \u00fcbertragen.<\/p>\n\n\n\n<p>Welche Informationen Facebook erh\u00e4lt und wie diese verwendet werden, beschreibt Facebook in allgemeiner Form in seinen Datenverwendungsrichtlinien. Dort finden Sie auch Informationen \u00fcber Kontaktm\u00f6glichkeiten zu Facebook sowie zu den Einstellm\u00f6glichkeiten f\u00fcr Werbeanzeigen.<\/p>\n\n\n\n<p>Die Datenverwendungsrichtlinien sind unter folgendem Link verf\u00fcgbar:<\/p>\n\n\n\n<p><a href=\"http:\/\/de-de.facebook.com\/about\/privacy\">http:\/\/de-de.facebook.com\/about\/privacy<\/a><\/p>\n\n\n\n<p>Die vollst\u00e4ndigen Datenrichtlinien von Facebook finden Sie hier:<\/p>\n\n\n\n<figure class=\"wp-block-embed\"><div class=\"wp-block-embed__wrapper\">\nhttps:\/\/de-de.facebook.com\/full_data_use_policy\n<\/div><\/figure>\n\n\n\n<p>In welcher Weise Facebook die Daten aus dem Besuch von Facebook und Instagram-Seiten f\u00fcr eigene Zwecke verwendet, in welchem Umfang Aktivit\u00e4ten auf der Facebook und Instagram-Seite einzelnen Nutzern zugeordnet werden, wie lange Facebook diese Daten speichert und ob Daten aus einem Besuch der Facebook und Instagram-Seite an Dritte weitergegeben werden, wird von Facebook nicht abschlie\u00dfend und klar benannt und ist uns nicht bekannt.<\/p>\n\n\n\n<p>Beim Zugriff auf eine Facebook und Instagram-Seite wird die Ihrem Endger\u00e4t zugeteilte IP-Adresse an Facebook \u00fcbermittelt. Nach Auskunft von Facebook wird diese IP-Adresse anonymisiert (bei &#8222;deutschen&#8220; IP-Adressen) und nach 90 Tagen gel\u00f6scht. Facebook speichert dar\u00fcber hinaus Informationen \u00fcber die Endger\u00e4te seiner Nutzer (z.B. im Rahmen der Funktion \u201eAnmeldebenachrichtigung\u201c); gegebenenfalls ist Facebook damit eine Zuordnung von IP-Adressen zu einzelnen Nutzern m\u00f6glich.Wenn Sie als Nutzerin oder Nutzer aktuell bei Facebook angemeldet sind, befindet sich auf Ihrem Endger\u00e4t ein Cookie mit Ihrer Facebook und Instagram-Kennung. Dadurch ist Facebook in der Lage nachzuvollziehen, dass Sie diese Seite aufgesucht und wie Sie sie genutzt haben. Dies gilt auch f\u00fcr alle anderen Facebook-Seiten.<\/p>\n\n\n\n<p>\u00dcber in Webseiten eingebundene Facebook-Buttons ist es Facebook m\u00f6glich, Ihre Besuche auf diesen Webseiten Seiten zu erfassen und Ihrem Facebook-Profil zuzuordnen. Anhand dieser Daten k\u00f6nnen Inhalte oder Werbung auf Sie zugeschnitten angeboten werden. Wenn Sie dies vermeiden m\u00f6chten, sollten Sie sich bei Facebook und Instagram abmelden bzw. die Funktion &#8222;angemeldet bleiben&#8220; deaktivieren, die auf Ihrem Ger\u00e4t vorhandenen Cookies l\u00f6schen und Ihren Browser beenden und neu starten. Auf diese Weise werden Facebook-Informationen, \u00fcber die Sie unmittelbar identifiziert werden k\u00f6nnen, gel\u00f6scht. Damit k\u00f6nnen Sie unsere Facebook und Instagram-Seite nutzen, ohne dass Ihre Facebook und Instagram-Kennung offenbart wird.<\/p>\n\n\n\n<p>Wenn Sie auf interaktive Funktionen der Seite zugreifen (Gef\u00e4llt mir, Kommentieren, Teilen, Nachrichten etc.), erscheint eine Facebook und Instagram-Anmeldemaske.<\/p>\n\n\n\n<p>Nach einer etwaigen Anmeldung sind Sie f\u00fcr Facebook erneut als bestimmte\/r Nutzerin\/Nutzer erkennbar. Informationen dazu, wie Sie \u00fcber Sie vorhandene Informationen verwalten oder l\u00f6schen k\u00f6nnen, finden Sie auf folgenden Facebook Support-Seiten:<\/p>\n\n\n\n<p><a href=\"https:\/\/de-de.facebook.com\/about\/privacy\">https:\/\/de-de.facebook.com\/about\/privacy<\/a><\/p>\n\n\n\n<p>Wir als Anbieter des Informationsdienstes erheben und verarbeiten dar\u00fcber hinaus keine Daten aus Ihrer Nutzung unseres Dienstes. Diese Datenschutzerkl\u00e4rung finden Sie in der jeweils geltenden Fassung unter dem Punkt \u201eDatenschutz\u201c auf unserer Facebook-Seite.<\/p>\n\n\n\n<p><strong>Folgende Social-Networks sind in unseren Internetauftritt eingebunden:<\/strong><\/p>\n\n\n\n<ul class=\"wp-block-list\">\n<li><strong>Facebook<\/strong> der Facebook Inc., 1601 S. California Ave, Palo Alto, CA 94304, USA, betrieben innerhalb der EU durch Facebook Ireland Limited, 4 Grand Canal Square, Dublin 2, Irland. Datenschutzinformationen sind zu finden unter <a href=\"https:\/\/www.facebook.com\/policy.php\">https:\/\/www.facebook.com\/policy.php<\/a> Durch die Zertifizierung nach dem EU-US-Datenschutzschild (\u201eEU-US Privacy Shield\u201c) <a href=\"https:\/\/www.privacyshield.gov\/participant?id=a2zt0000000GnywAAC&amp;status=Active\">https:\/\/www.privacyshield.gov\/participant?id=a2zt0000000GnywAAC&amp;status=Active<\/a> garantiert Facebook, dass die Datenschutzvorgaben der EU auch bei der Verarbeitung von Daten in den USA eingehalten werden.<\/li>\n\n\n\n<li><strong>Instagram<\/strong> der Facebook Inc., 1601 S. California Ave, Palo Alto, CA 94304, USA, betrieben innerhalb der EU durch Facebook Ireland Limited, 4 Grand Canal Square, Dublin 2, Irland. Datenschutzinformationen sind zu finden unter <a href=\"https:\/\/help.instagram.com\/519522125107875?helpref=page_content\">https:\/\/help.instagram.com\/519522125107875?helpref=page_content<\/a> zu finden.<\/li>\n<\/ul>\n\n\n\n<h3 class=\"wp-block-heading\">Server-Log-Files<\/h3>\n\n\n\n<p>Der Provider der Seiten erhebt und speichert automatisch Informationen in so genannten Server-Log Files, die Ihr Browser automatisch an uns \u00fcbermittelt. Dies sind:<br>\u25b6 Browsertyp und Browserversion<br>\u25b6 verwendetes Betriebssystem<br>\u25b6 Referrer URL<br>\u25b6 Hostname des zugreifenden Rechners<br>\u25b6 Uhrzeit der Serveranfrage<br>\u25b6 Menge der gesendeten Daten in Byte<br>\u25b6 Quelle\/Verweis, von welchem Sie auf die Seite gelangten<br>\u25b6 Verwendete IP-Adresse(ggf.: in anonymisierter Form)<br>Diese Daten sind nicht bestimmten Personen zuordenbar. Eine Zusammenf\u00fchrung dieser Daten mit anderen Datenquellen wird nicht vorgenommen. Wir behalten uns vor, diese Daten nachtr\u00e4glich zu pr\u00fcfen, wenn uns konkrete Anhaltspunkte f\u00fcr eine rechtswidrige Nutzung bekannt werden.<\/p>\n\n\n\n<h3 class=\"wp-block-heading\">Kontaktformular &amp; E-Mail<\/h3>\n\n\n\n<p>Wenn Sie uns per Kontaktformular oder E-Mail Anfragen zukommen lassen, werden Ihre Angaben aus dem Anfrageformular inklusive der von Ihnen dort angegebenen Kontaktdaten zwecks Bearbeitung der Anfrage und f\u00fcr den Fall von Anschlussfragen bei uns gespeichert. Diese Daten geben wir nicht ohne Ihre Einwilligung weiter.<\/p>\n\n\n\n<h3 class=\"wp-block-heading\">SSL-Verschl\u00fcsselung<\/h3>\n\n\n\n<p>Diese Seite nutzt aus Gr\u00fcnden der Sicherheit und zum Schutz der \u00dcbertragung vertraulicher Inhalte, wie zum Beispiel der Anfragen, die Sie an uns als Seitenbetreiber senden, eine SSL-Verschl\u00fcsselung. Eine verschl\u00fcsselte Verbindung erkennen Sie daran, dass die Adresszeile des Browsers von &#8222;http:\/\/&#8220; auf &#8222;https:\/\/&#8220; wechselt und an dem Schloss-Symbol in Ihrer Browserzeile. Wenn die SSL Verschl\u00fcsselung aktiviert ist, k\u00f6nnen die Daten, die Sie an uns \u00fcbermitteln, nicht von Dritten mitgelesen werden.<\/p>\n\n\n\n<h3 class=\"wp-block-heading\">Recht auf Auskunft, L\u00f6schung, Sperrung<\/h3>\n\n\n\n<p>Sie haben jederzeit das Recht auf unentgeltliche Auskunft \u00fcber Ihre gespeicherten personenbezogenen Daten, deren Herkunft und Empf\u00e4nger und den Zweck der Datenverarbeitung sowie ein Recht auf Berichtigung, Sperrung oder L\u00f6schung dieser Daten. Hierzu sowie zu weiteren Fragen zum Thema personenbezogene Daten k\u00f6nnen Sie sich jederzeit unter der im Impressum angegebenen Adresse an uns wenden.<\/p>\n\n\n\n<h3 class=\"wp-block-heading\">Widerspruch Werbe-Mails<\/h3>\n\n\n\n<p>Der Nutzung von im Rahmen der Impressumspflicht ver\u00f6ffentlichten Kontaktdaten zur \u00fcbersendung von nicht ausdr\u00fccklich angeforderter Werbung und Informationsmaterialien wird hiermit widersprochen. Die Betreiber der Seiten behalten sich ausdr\u00fccklich rechtliche Schritte im Falle der unverlangten Zusendung von Werbeinformationen, etwa durch Spam-E-Mails, vor.<\/p>\n\n\n\n<p>Die EU-Kommission stellt im Internet unter eine Plattform zur Online-Streitbeilegung bereit: <a href=\"https:\/\/ec.europa.eu\/consumers\/odr\">https:\/\/ec.europa.eu\/consumers\/odr<\/a> Diese<br>Plattform dient als Anlaufstelle zur au\u00dfergerichtlichen Beilegung von Streitigkeiten aus Online-Kauf- oder Dienstleistungsvertr\u00e4gen, an denen ein Verbraucher beteiligt ist.<\/p>\n\n\n\n<p><\/p>\n\n\n\n<p><\/p>\n\n\n\n<p><\/p>\n\n\n\n<p><\/p>\n","protected":false},"excerpt":{"rendered":"<p>Datenschutzerkl\u00e4rung Datenschutz Der Betreiber dieser Seiten, nimmt den Schutz Ihrer pers\u00f6nlichen Daten sehr ernst. Wir behandeln Ihre personenbezogenen Daten vertraulich und entsprechend der gesetzlichen Datenschutzvorschriften sowie dieser Datenschutzerkl\u00e4rung. Die Nutzung unserer Webseite ist in der Regel ohne Angabe personenbezogener Daten m\u00f6glich. Soweit auf unseren Seiten personenbezogene Daten (beispielsweise Name, Anschrift oder E-Mail-Adressen) erhoben werden, erfolgt [&hellip;]<\/p>\n","protected":false},"author":1,"featured_media":0,"parent":0,"menu_order":0,"comment_status":"closed","ping_status":"open","template":"","meta":{"footnotes":""},"class_list":["post-3","page","type-page","status-publish","hentry"],"_links":{"self":[{"href":"https:\/\/www.nomads.hellbound-mc.eu\/index.php\/wp-json\/wp\/v2\/pages\/3","targetHints":{"allow":["GET"]}}],"collection":[{"href":"https:\/\/www.nomads.hellbound-mc.eu\/index.php\/wp-json\/wp\/v2\/pages"}],"about":[{"href":"https:\/\/www.nomads.hellbound-mc.eu\/index.php\/wp-json\/wp\/v2\/types\/page"}],"author":[{"embeddable":true,"href":"https:\/\/www.nomads.hellbound-mc.eu\/index.php\/wp-json\/wp\/v2\/users\/1"}],"replies":[{"embeddable":true,"href":"https:\/\/www.nomads.hellbound-mc.eu\/index.php\/wp-json\/wp\/v2\/comments?post=3"}],"version-history":[{"count":3,"href":"https:\/\/www.nomads.hellbound-mc.eu\/index.php\/wp-json\/wp\/v2\/pages\/3\/revisions"}],"predecessor-version":[{"id":67,"href":"https:\/\/www.nomads.hellbound-mc.eu\/index.php\/wp-json\/wp\/v2\/pages\/3\/revisions\/67"}],"wp:attachment":[{"href":"https:\/\/www.nomads.hellbound-mc.eu\/index.php\/wp-json\/wp\/v2\/media?parent=3"}],"curies":[{"name":"wp","href":"https:\/\/api.w.org\/{rel}","templated":true}]}}